{"id":484,"date":"2023-05-15T15:48:48","date_gmt":"2023-05-15T15:48:48","guid":{"rendered":"https:\/\/ekilibrio.fr\/?page_id=484"},"modified":"2024-06-18T19:11:58","modified_gmt":"2024-06-18T19:11:58","slug":"mes-outils-2","status":"publish","type":"page","link":"https:\/\/ekilibrio.fr\/?page_id=484","title":{"rendered":"Mes Outils"},"content":{"rendered":"\n<h2 class=\"wp-block-heading has-text-align-center\">Mes outils pour votre bien-\u00eatre<\/h2>\n\n\n\n<p>[spoiler title=\u00a0\u00bbCONSULTATION DE NATUROPATHIE\u00a0\u00bb]<\/p>\n\n\n\n<p><strong>Comment se passe une s\u00e9ance ?<\/strong><\/p>\n\n\n\n<p>Bonjour, apr\u00e8s installation confortable et prise de renseignements administratifs, je vous explique ce qu&rsquo;est la naturopathie puis vous demande votre motif. Je me permettrai, si vous l&rsquo;acceptez, de faire un bilan palpatoire et iridologique afin d&rsquo;\u00e9valuer votre niveau de vitalit\u00e9 puis nous proc\u00e9derons \u00e0 un questionnaire qui me permettra d&rsquo;\u00e9tablir les sources de toxines et vous proposer une cure adapt\u00e9e \u00e0 votre quotidien et&nbsp; vos priorit\u00e9s. Mes principaux axes d&rsquo;accompagnement&nbsp;seront propos\u00e9s en cours de consultation&nbsp; Votre fiche de conseil vous sera&nbsp;envoy\u00e9e par mail entre 4 et 8&nbsp;jours.<\/p>\n\n\n\n<p><strong>Quelle est mon approche ?<\/strong><\/p>\n\n\n\n<p>Mon approche est holistique, je cherche \u00e0 comprendre les m\u00e9canismes qui am\u00e8nent aux perturbations dans votre \u00e9tat de sant\u00e9. En accord avec vous, nous d\u00e9ciderons ensemble le ou les dysfonctionnements que vous d\u00e9sirez r\u00e9gler en priorit\u00e9.<\/p>\n\n\n\n<p><strong>Pour quels&nbsp; g\u00eane ou trouble suis-je consult\u00e9e&nbsp;?<\/strong><\/p>\n\n\n\n<p>Mes&nbsp;exp\u00e9riences pr\u00e9c\u00e9dentes en tant qu&rsquo;infirmi\u00e8re am\u00e8nent \u00e0 moi des personnes lourdement&nbsp; polym\u00e9dicament\u00e9es cherchant une transition vers un quotidien moins douloureux. Cependant je peux vous accompagner pour des g\u00eanes diverses&nbsp;: stress, troubles digestifs, surpoids, douleurs articulaires \u00e0 l\u2019aide d\u2019outils sp\u00e9cifiques.<\/p>\n\n\n\n<p><strong>Quels b\u00e9n\u00e9fices pour vous&nbsp;?<\/strong><\/p>\n\n\n\n<p>Mon accompagnement est ultrasp\u00e9cialis\u00e9.<br>Le changement, m\u00eame s&rsquo;il est salutaire, demande \u00e9norm\u00e9ment d&rsquo;\u00e9nergie et de courage. Je suis votre naturopathe et votre coach.<\/p>\n\n\n\n<p>[\/spoiler]<\/p>\n\n\n\n<p>[spoiler title=\u00a0\u00bbLE MASSAGE\u00a0\u00bb]<\/p>\n\n\n\n<p><strong>Les bienfaits du massage<\/strong><\/p>\n\n\n\n<figure class=\"wp-block-image aligncenter size-full is-resized\"><img loading=\"lazy\" decoding=\"async\" width=\"350\" height=\"300\" src=\"https:\/\/ekilibrio.fr\/wp-content\/uploads\/2023\/03\/massage.png\" alt=\"\" class=\"wp-image-442\" style=\"width:400px;height:320px\" srcset=\"https:\/\/ekilibrio.fr\/wp-content\/uploads\/2023\/03\/massage.png 350w, https:\/\/ekilibrio.fr\/wp-content\/uploads\/2023\/03\/massage-300x257.png 300w\" sizes=\"auto, (max-width: 350px) 100vw, 350px\" \/><\/figure>\n\n\n\n<p>Le massage procure des&nbsp;bienfaits physiques et des bienfaits psychologiques. Notre organisme&nbsp; n\u2019est qu\u2019un tout et tout est en lien.<\/p>\n\n\n\n<p><strong>Les 10 principaux bienfaits du massage<\/strong><\/p>\n\n\n\n<ol class=\"wp-block-list\" style=\"list-style-type:1\">\n<li>Lutter contre le stress<\/li>\n\n\n\n<li>Favoriser le sommeil<\/li>\n\n\n\n<li>Apaiser les douleurs quelle que soit la zone du corps : \u00e9paules, dos, nuque, jambes, pieds, articulations.<\/li>\n\n\n\n<li>R\u00e9duire les tensions<\/li>\n\n\n\n<li>Am\u00e9liorer la circulation sanguine et lymphatique<\/li>\n\n\n\n<li>Lib\u00e9rer les \u00e9nergies<\/li>\n\n\n\n<li>Renforcer le syst\u00e8me immunitaire<\/li>\n\n\n\n<li>Apporter de la d\u00e9tente, de la relaxation, du l\u00e2cher prise,\u2026<\/li>\n\n\n\n<li>Profiter du moment pr\u00e9sent<\/li>\n\n\n\n<li>Provoquer plus de bien-\u00eatre et de plaisir<\/li>\n<\/ol>\n\n\n\n<p><strong>Le massage-bien-\u00eatre<\/strong><\/p>\n\n\n\n<p>La peau est constitu\u00e9e d\u2019un nombre inimaginable de terminaisons nerveuses. Lors d\u2019un massage des&nbsp;<em>terminaisons ultra sensibles<\/em>&nbsp;vont se mettre en mouvement et diffuser uniquement&nbsp;des bonnes ondes \u00e0 tout notre corps en aidant notre organisme \u00e0 faire le plein de sensations agr\u00e9ables.<\/p>\n\n\n\n<p>Ensuite, le massage a pour action de&nbsp;lib\u00e9rer les \u00ab bonnes \u00bb hormones, &nbsp;va agir sur la&nbsp;<em>production de s\u00e9rotonine et de dopamine, les hormones du bien-\u00eatre <\/em>et r\u00e9duire la production de cortisol&nbsp;: l&rsquo;hormone de stress. C\u2019est tout simplement chimique etour au confort circulatoire<\/p>\n\n\n\n<figure class=\"wp-block-image aligncenter size-full is-resized\"><img loading=\"lazy\" decoding=\"async\" width=\"658\" height=\"416\" src=\"https:\/\/ekilibrio.fr\/wp-content\/uploads\/2023\/03\/reflexologie.jpg\" alt=\"\" class=\"wp-image-443\" style=\"width:494px;height:312px\" srcset=\"https:\/\/ekilibrio.fr\/wp-content\/uploads\/2023\/03\/reflexologie.jpg 658w, https:\/\/ekilibrio.fr\/wp-content\/uploads\/2023\/03\/reflexologie-300x190.jpg 300w\" sizes=\"auto, (max-width: 658px) 100vw, 658px\" \/><\/figure>\n\n\n\n<p><strong>La r\u00e9flexologie plantaire<\/strong><\/p>\n\n\n\n<p>Accompagnement&nbsp; confort circulatoire<br>Vous avez les jambes lourdes, le ventre ballonn\u00e9, vous vous sentez \u00e9puis\u00e9 et manquez de l\u00e9g\u00e8ret\u00e9, tout cela probablement accompagn\u00e9 de constipation.<br>Cet accompagnement comprenant une consultation et une cure deux types de&nbsp; massage diff\u00e9rents vous aidera \u00e0 retrouver un ventre moins ballonn\u00e9, des chevilles affin\u00e9es et le sentiment d&rsquo;\u00eatre plus a\u00e9rienne<\/p>\n\n\n\n<figure class=\"wp-block-image aligncenter size-full\"><img loading=\"lazy\" decoding=\"async\" width=\"305\" height=\"196\" src=\"https:\/\/ekilibrio.fr\/wp-content\/uploads\/2023\/03\/image-reflexologie-plantaire.jpeg\" alt=\"\" class=\"wp-image-451\" srcset=\"https:\/\/ekilibrio.fr\/wp-content\/uploads\/2023\/03\/image-reflexologie-plantaire.jpeg 305w, https:\/\/ekilibrio.fr\/wp-content\/uploads\/2023\/03\/image-reflexologie-plantaire-300x193.jpeg 300w\" sizes=\"auto, (max-width: 305px) 100vw, 305px\" \/><\/figure>\n\n\n\n<p>[\/spoiler]<\/p>\n\n\n\n<p>[spoiler title=\u00a0\u00bbLUXOPUNCTURE\u00a0\u00bb]<\/p>\n\n\n\n<h4 class=\"wp-block-heading\"><a href=\"https:\/\/ekilibrio.fr\/?page_id=465\">Prise de Rendez vous ici<\/a><\/h4>\n\n\n\n<figure class=\"wp-block-image aligncenter size-full is-resized\"><img loading=\"lazy\" decoding=\"async\" width=\"474\" height=\"436\" src=\"https:\/\/ekilibrio.fr\/wp-content\/uploads\/2023\/03\/luxoponcture.jpg\" alt=\"\" class=\"wp-image-447\" style=\"width:356px;height:327px\" srcset=\"https:\/\/ekilibrio.fr\/wp-content\/uploads\/2023\/03\/luxoponcture.jpg 474w, https:\/\/ekilibrio.fr\/wp-content\/uploads\/2023\/03\/luxoponcture-300x276.jpg 300w\" sizes=\"auto, (max-width: 474px) 100vw, 474px\" \/><\/figure>\n\n\n\n<p>A l\u2019instar des techniques de r\u00e9flexoth\u00e9rapie ou \u00e9nerg\u00e9tiques, cette technique infrarouge est bas\u00e9e sur l\u2019hypoth\u00e8se que la stimulation d\u2019une ou plusieurs zones pr\u00e9cises du corps provoque un r\u00e9flexe qui va r\u00e9tablir l\u2019\u00e9quilibre fonctionnel d\u2019un organe, notamment&nbsp;le syst\u00e8me hormonal, lymphatique ou digestif.<\/p>\n\n\n\n<p>L\u2019\u00e9nergie du rayonnement infrarouge dispens\u00e9e par l\u2019appareil, le&nbsp;<a href=\"https:\/\/luxomed.com\/luxopuncture\/luxoscreen\">LUXOSCREEN\u00ae<\/a>, est transf\u00e9r\u00e9e aux terminaisons nerveuses qui constituent le point r\u00e9flexe.<\/p>\n\n\n\n<p>Cette stimulation \u00e9nerg\u00e9tique agirait sur le syst\u00e8me nerveux v\u00e9g\u00e9tatif (ou autonome) et permettrait de retrouver bien-\u00eatre et \u00e9quilibre.<\/p>\n\n\n\n<p><strong>Cette stimulation est douce, indolore, non invasive et sans risque.<\/strong><\/p>\n\n\n\n<p>Les soins se d\u00e9roulent \u00e0 raison d\u2019une s\u00e9ance de 30 minutes par semaine pendant laquelle une trentaine de points sont stimul\u00e9s.<\/p>\n\n\n\n<p>Elle est \u00e9galement nomm\u00e9e Acupuncture sans aiguilles.<\/p>\n\n\n\n<p>[\/spoiler]<\/p>\n\n\n\n<p>[spoiler title=\u00a0\u00bbCONSEIL EN FLEUR DE BACH\u00a0\u00bb]<\/p>\n\n\n\n<figure class=\"wp-block-image aligncenter size-full is-resized\"><img loading=\"lazy\" decoding=\"async\" width=\"751\" height=\"458\" src=\"https:\/\/ekilibrio.fr\/wp-content\/uploads\/2023\/03\/fleur-de-bach.jpg\" alt=\"\" class=\"wp-image-446\" style=\"width:376px;height:229px\" srcset=\"https:\/\/ekilibrio.fr\/wp-content\/uploads\/2023\/03\/fleur-de-bach.jpg 751w, https:\/\/ekilibrio.fr\/wp-content\/uploads\/2023\/03\/fleur-de-bach-300x183.jpg 300w\" sizes=\"auto, (max-width: 751px) 100vw, 751px\" \/><\/figure>\n\n\n\n<p>Honeysuckle ou Ch\u00e8vrefeuille sera la fleur adapt\u00e9e \u00e0 un changement de vie ou de situation \u00e0 laquelle vous ne vous faites pas. Si vous vous&nbsp; dites fr\u00e9quemment, avec un brin de nostalgie&nbsp;: \u00ab\u00a0c&rsquo;\u00e9tait mieux avant\u00a0\u00bb, cette fleur est celle qui vous convient<\/p>\n\n\n\n<p>Depuis 1936,les 38 Fleurs de Bach\u00ae Original organis\u00e9es en 7 groupes,&nbsp; ciblent toutes les \u00e9motions passag\u00e8res ou r\u00e9guli\u00e8res de l\u2019individu et participent \u00e0 l\u2019harmonie \u00e9motionnelle au quotidien.<\/p>\n\n\n\n<p>Le bilan \u00e9motionnel personnalis\u00e9 permet de lister les \u00e9motions ressenties comme d\u00e9sagr\u00e9ables au cours d&rsquo;un entretien de 30 minutes.<\/p>\n\n\n\n<p>Les Fleurs de Bach correspondantes propose une&nbsp; correction de ces \u00e9motions gr\u00e2ce \u00e0 une synergie que je mettrai en flacon gracieusement et&nbsp; \u00e0 votre disposition d\u00e8s la fin de l&rsquo;entretien<\/p>\n\n\n\n<p>[\/spoiler]<\/p>\n\n\n\n<p>[spoiler title=\u00a0\u00bbCONSEIL EN QUINTON\u00a0\u00bb]<\/p>\n\n\n\n<figure class=\"wp-block-image aligncenter size-large is-resized\"><img loading=\"lazy\" decoding=\"async\" width=\"1024\" height=\"682\" src=\"https:\/\/ekilibrio.fr\/wp-content\/uploads\/2023\/05\/conseilenquinton-1024x682.jpg\" alt=\"\" class=\"wp-image-500\" style=\"width:512px;height:341px\" srcset=\"https:\/\/ekilibrio.fr\/wp-content\/uploads\/2023\/05\/conseilenquinton-1024x682.jpg 1024w, https:\/\/ekilibrio.fr\/wp-content\/uploads\/2023\/05\/conseilenquinton-300x200.jpg 300w, https:\/\/ekilibrio.fr\/wp-content\/uploads\/2023\/05\/conseilenquinton-768x511.jpg 768w, https:\/\/ekilibrio.fr\/wp-content\/uploads\/2023\/05\/conseilenquinton-1536x1022.jpg 1536w, https:\/\/ekilibrio.fr\/wp-content\/uploads\/2023\/05\/conseilenquinton.jpg 1920w\" sizes=\"auto, (max-width: 1024px) 100vw, 1024px\" \/><\/figure>\n\n\n\n<p>Les indications du Plasma de Quinton sont multiples. C&rsquo;est un super aliment adapt\u00e9 \u00e0 tous, \u00e0 condition que les doses recommand\u00e9es soient personnalis\u00e9es.<\/p>\n\n\n\n<p>Il fait des merveilles en cure interne ou externe selon vos besoins&nbsp;: burn-out, insomnie, fatigue musculaire<\/p>\n\n\n\n<p>Le plasma marin isotonique aidera votre organisme dans ses processus hom\u00e9ostasiques. Les bienfaits du Quinton reposent sur sa composition et sa consentration en SM et OE mais aussi et surtout leur biodisponibilit\u00e9. Par ailleurs son pH alcalin compris entre 8,1 et 8,4 et r\u00e9\u00e9quilibre le terrain lorsqu&rsquo;il est devenu acide.<\/p>\n\n\n\n<p>L&rsquo;acidification des tissus et le manque d&rsquo;oxyg\u00e9nation sont \u00e0 la source de la perte de sant\u00e9 en raison d&rsquo;une d\u00e9min\u00e9ralisation.<\/p>\n\n\n\n<p>Le plasma marin aide l&rsquo;organisme \u00e0 mieux fonctionner&nbsp; et il est un soutien majeur de r\u00e9g\u00e9n\u00e9ration. Le plasma marin ne soigne pas mais&nbsp; il nourrit , min\u00e9ralise et hydrate. Il s&rsquo;inscrit dans une th\u00e9rapetique de terrain physiologique en am\u00e9liorant en vitalisant l&rsquo;organisme et en le d\u00e9toxinant.<\/p>\n\n\n\n<p>[\/spoiler]<\/p>\n\n\n\n<p>[spoiler title=\u00a0\u00bbSOIN ANTI-\u00c2GE QUINTON\u00a0\u00bb]<\/p>\n\n\n\n<p>Le Plasma de Quinton est \u00e9galement riche en silicium organique d&rsquo;excellente qualit\u00e9.<\/p>\n\n\n\n<p>Coupl\u00e9 avec le soin anti-\u00e2ge en Luxopuncture, il permet \u00e0 votre peau de retrouver, \u00e9lasticit\u00e9 et fermet\u00e9.<\/p>\n\n\n\n<p>Un bilan cutan\u00e9 gratuit sera effectu\u00e9 avant toute proposition de cure.<\/p>\n\n\n\n<p>[\/spoiler]<\/p>\n\n\n\n<p>[spoiler title=\u00a0\u00bbPERTE DE POIDS : METHODE BEAUTY SANE\u00a0\u00bb]<\/p>\n\n\n\n<p>Contrairement \u00e0 ce qu&rsquo;on pourrait penser, il est possible de prendre du poids en ne mangeant pas suffisamment.<\/p>\n\n\n\n<p>En vous proposant des repas copieux mais n&rsquo;exc\u00e9dant pas 200Kcal, tout en couvrant l&rsquo;int\u00e9gralit\u00e9 de vos besoins en micronutriments, vous emp\u00eachez votre organisme de stocker&nbsp;!<\/p>\n\n\n\n<p>Le bilan Beauty San\u00e9 est offert avant toute proposition de cure.<\/p>\n\n\n\n<p>[\/spoiler]<\/p>\n\n\n\n<p>[spoiler title=\u00a0\u00bbHYDROTOMIE PERCUTANEE\u00a0\u00bb]<\/p>\n\n\n\n<p><strong><em>SOINS EN ATTENTE (lire les explications ci-dessous) :<\/em><\/strong><\/p>\n\n\n\n<figure class=\"wp-block-table\"><table><tbody><tr><td><strong><em>Nice, le 18 mai 2023<\/em><\/strong><\/td><\/tr><tr><td>&nbsp; Chers Amis, Chers Coll\u00e8gues, La cour d&rsquo;appel de la chambre disciplinaire de l&rsquo;ordre des infirmiers en date du 11 mai 2023 a reconduit les sanctions \u00e0 l&rsquo;\u00e9gard des infirmiers condamn\u00e9s en premi\u00e8re instance (avertissement bl\u00e2me , interdiction d&rsquo;exercice avec sursis ): \u00ab invitant tout infirmier \u00e0 cesser sans d\u00e9lai toute participation \u00e0 ces actes sous quelque forme que ce soit, et \u00e0 s&rsquo;abstenir d&rsquo;y participer \u00e0 l&rsquo;avenir, et, d&rsquo;autre part, de demander aux conseils d\u00e9partementaux d&rsquo;inviter tous les infirmiers qui, \u00e0 la date de la communication pr\u00e9cit\u00e9e, exerceraient l&rsquo;hydrotomie percutan\u00e9e, d&rsquo;y mettre fin sans d\u00e9lai sous peine de poursuite disciplinaire en cas de m\u00e9connaissance manifeste cons\u00e9cutive \u00e0 cette injonction \u00bb Nous pouvons relever quelques points discutables concernant cette d\u00e9cision La d\u00e9cision juridique est insuffisamment motiv\u00e9e ;M\u00e9connaissance de l&rsquo;article concernant les coordonn\u00e9es des praticiens sur notre site internet: le conseil d&rsquo;\u00e9tat en date du 22 d\u00e9cembre 2020 a autoris\u00e9 la communication professionnelle des m\u00e9decins (\u00abArt. R.4127-80.-1.) et des infirmiers ( \u00ab Art. R.4312-68-1.) \u00e0 publier le nom, pr\u00e9nom ,adresse professionnelle sur tous supports y compris sur internet. Ce n&rsquo;est pas de la publicit\u00e9 mais un droit d&rsquo;information du public.L&rsquo;avis des experts de l&rsquo;acad\u00e9mie de m\u00e9decine cit\u00e9s sur les risques injustifi\u00e9s et sur la dangerosit\u00e9 de la technique n&rsquo;est pas \u00e9tay\u00e9 ni document\u00e9 d&rsquo;aucune sorte. La SIHP va demander \u00e0 nos avocats un avis pour la suite \u00e0 donner \u00e0 cette d\u00e9cision en vue d&rsquo;un \u00e9ventuel recours dans un d\u00e9lai de deux mois aupr\u00e8s du conseil d&rsquo;\u00e9tat pour v\u00e9rifier que les tribunaux et la cour d&rsquo;appel ont correctement appliqu\u00e9 la loi. Cependant nous invitons tous les infirmiers \u00e0 se conformer \u00e0 la d\u00e9cision de la chambre disciplinaire et aux m\u00e9decins prescripteurs de ne plus r\u00e9diger d&rsquo;ordonnance aux infirmiers. Je vous rappelle bri\u00e8vement que pour la S. I.H.P. le terme d&rsquo;hydrotomie percutan\u00e9e est une simple appellation qui n&rsquo;est pas reconnue certes mais l&rsquo;acte technique qui consiste en l&rsquo;injection de m\u00e9dicaments dilu\u00e9s dans du s\u00e9rum physiologique est reconnu \u00ab de fait \u00bb selon les propri\u00e9t\u00e9s de chaque m\u00e9dicament qui est inject\u00e9 localement. Ces m\u00e9dicaments ainsi que le s\u00e9rum physiologique sont reconnus et \u00e9prouv\u00e9s selon les sources&nbsp;VIDAL par des \u00e9tudes cliniques valid\u00e9es et r\u00e9pondent sur le plan m\u00e9dico-l\u00e9gal \u00e0 l&rsquo;activit\u00e9 quotidienne des m\u00e9decins et des infirmiers depuis plusieurs d\u00e9cennies. Sur le plan des risques injustifi\u00e9s: la voie locale d&rsquo;administration diminue consid\u00e9rablement les effets secondaires des m\u00e9dicaments notamment avec les grandes dilutions. Nous attendons maintenant la d\u00e9cision apr\u00e8s l&rsquo;audience le 1 er juin 2023 de la chambre disciplinaire de l&rsquo;ordre des m\u00e9decins en premi\u00e8re instance ( 52 m\u00e9decins concern\u00e9s ). La SIHP souhaite plus que jamais compte tenu du nombre d&rsquo;observations cliniques tr\u00e8s positives ouvrir la voie sur la validation de cette technique en allant au-devant des autorit\u00e9s sanitaires qui sont habilit\u00e9es et qui ont les ressources pour effectuer des \u00e9tudes cliniques. <br>Bien cordialement \u00e0 tous Dr Bernard GUEZ<\/td><\/tr><\/tbody><\/table><\/figure>\n\n\n\n<p>Riche d&rsquo;un parcours infirmer de 23 ann\u00e9es au sein de l&rsquo;A.P.-H.P., j&rsquo;ai pu mesurer l&rsquo;ampleur des d\u00e9g\u00e2ts occasionn\u00e9s par le port des charges lourdes sur les articulations.<\/p>\n\n\n\n<p>Je suis donc une formation en hydrotomie percutan\u00e9e aupr\u00e8s de Dr GUEZ, pr\u00e9sident de la S.I.H.P., \u00e0 Nice, qui me permettra de prendre en charge des patients atteints d&rsquo;arthrose, d&rsquo;arthrite et autres pathologies touchant ce syst\u00e8me.<\/p>\n\n\n\n<p>Plus tard, \u00e0 l&rsquo;\u00e9cole de naturopathie (EURONATURE, agr\u00e9\u00e9e par la FENA), je prends conscience que le stress et une alimentation inadapt\u00e9es, entre autre chose, menace notre \u00e9quilibre acido-basique et a des impacts d\u00e9l\u00e9t\u00e8re sur nos articulations.<\/p>\n\n\n\n<p>Ces soins n\u00e9cessitent au pr\u00e9alable, une consultation m\u00e9dicale avec un m\u00e9decin form\u00e9 en Hydrotomie Percutan\u00e9e.<\/p>\n\n\n\n<p>Il conviendra de vous rapprocher du secr\u00e9tariat de la S.I.H.P.<\/p>\n\n\n\n<p>[\/spoiler]<\/p>\n\n\n\n<p>[spoiler title=\u00a0\u00bbPROGRAMME RETOUR A LA MOBILITE\u00a0\u00bb]<\/p>\n\n\n\n<figure class=\"wp-block-image aligncenter size-large is-resized\"><img loading=\"lazy\" decoding=\"async\" width=\"724\" height=\"1024\" src=\"https:\/\/ekilibrio.fr\/wp-content\/uploads\/2023\/05\/flyerA5-724x1024.jpg\" alt=\"\" class=\"wp-image-531\" style=\"width:543px;height:768px\" srcset=\"https:\/\/ekilibrio.fr\/wp-content\/uploads\/2023\/05\/flyerA5-724x1024.jpg 724w, https:\/\/ekilibrio.fr\/wp-content\/uploads\/2023\/05\/flyerA5-212x300.jpg 212w, https:\/\/ekilibrio.fr\/wp-content\/uploads\/2023\/05\/flyerA5-768x1087.jpg 768w, https:\/\/ekilibrio.fr\/wp-content\/uploads\/2023\/05\/flyerA5-1086x1536.jpg 1086w, https:\/\/ekilibrio.fr\/wp-content\/uploads\/2023\/05\/flyerA5-1448x2048.jpg 1448w, https:\/\/ekilibrio.fr\/wp-content\/uploads\/2023\/05\/flyerA5.jpg 1753w\" sizes=\"auto, (max-width: 724px) 100vw, 724px\" \/><\/figure>\n\n\n\n<p><strong><u>Retour \u00e0 la mobilit\u00e9<\/u><\/strong><\/p>\n\n\n\n<p><strong>\u00a0\u00a0\u00a0\u00a0\u00a0\u00a0\u00a0\u00a0\u00a0\u00a0\u00a0\u00a0\u00a0 <u>Programme complet <\/u>(payable en plusieurs fois) : 820 \u20ac<\/strong><\/p>\n\n\n\n<p><strong><u>Consultation naturopathique<\/u> <\/strong>(1 s\u00e9ance, 1h)<\/p>\n\n\n\n<p>Elle est le fil conducteur du programme. Elle me permettra d\u2019adapter le programme au style de <strong>vie, et aux besoins sp\u00e9cifiques, emmenant \u00e0 la r\u00e9duction des carences.\u00a0<\/strong><\/p>\n\n\n\n<p><strong><u>S\u00e9ance d\u2019hydrotomie Percutan\u00e9e<\/u> <\/strong>en sous-cutan\u00e9 (5 s\u00e9ances, 1h)<\/p>\n\n\n\n<p><a>Cette technique de soin consiste \u00e0 injecter au patient une solution saline physiologique par voie intradermique ou sous-cutan\u00e9e. Cette solution contient notamment des min\u00e9raux, des oligo-\u00e9l\u00e9ments, des vitamines, du magn\u00e9sium et du silicium organique, et permet une r\u00e9hydratation des articulations.<\/a><\/p>\n\n\n\n<p><strong><u>S\u00e9ance d&rsquo;activit\u00e9 physique guid\u00e9e et\/ou s\u00e9ance de massage <\/u><\/strong>(5 s\u00e9ances, 30 \u00e0 1h)<\/p>\n\n\n\n<p><img loading=\"lazy\" decoding=\"async\" src=\"\" alt=\"Massage Th\u00e9rapeutique, Bougies, Relaxation, Traitement\" width=\"168\" height=\"211\"><img loading=\"lazy\" decoding=\"async\" src=\"\" alt=\"Des L\u00e9gumes, Des Fruits, Aliments\" width=\"262\" height=\"289\">Les s\u00e9ances se composent d\u2019activit\u00e9 physique divers ayant pour but chacune, de stimuler des hormones et des parties du corps sp\u00e9cifique. Cela inclus aussi des exercices de relaxation et de respiration, ainsi que des exercices de renforcements de la zone fragilis\u00e9e. &nbsp;<br><br><strong><u>La luxoponcture<\/u><\/strong><strong><u> <\/u><\/strong>(1 \u00e0 2 s\u00e9ances, 30 \u00e0 40 min)<br><br>Elle consiste \u00e0 stimuler des r\u00e9flexes nerveux afin de relancer et stimuler des fonction organique, gr\u00e2ce \u00e0 des infrarouge appliqu\u00e9s sur l\u2019ensemble du corps, cela correspond \u00e0 de l\u2019acuponcture sans aiguille.<br><br><strong><u><\/u><\/strong><\/p>\n\n\n\n<p><strong><u>Le massage<\/u><\/strong> (2 \u00e0 4 s\u00e9ances, 1h)<br><br>Le massage est une pi\u00e8ce maitresse du programme, car selon le massage et les huiles utilis\u00e9es permettra une lib\u00e9ration d\u2019hormone. <strong><u><\/u><\/strong><\/p>\n\n\n\n<p><strong><u>Consultation de suivi <\/u><\/strong>(1 s\u00e9ance au bout de 3 mois, 30 \u00e0 40 min)<\/p>\n\n\n\n<p>Elle permet de r\u00e9ajuster le programme en fonction des am\u00e9liorations<\/p>\n\n\n\n<p><strong><u>Consultation m\u00e9decin<\/u><\/strong> pour validation du programme (hors programme mobilit\u00e9)<\/p>\n\n\n\n<p>Le m\u00e9decin sp\u00e9cialis\u00e9 form\u00e9 en hydrotomie, qui d\u00e9livrera une ordonnance pour les produits de la s\u00e9ance.<\/p>\n\n\n\n<p>[\/spoiler]<\/p>\n","protected":false},"excerpt":{"rendered":"<p>Mes outils pour votre bien-\u00eatre [spoiler title=\u00a0\u00bbCONSULTATION DE NATUROPATHIE\u00a0\u00bb] Comment se passe une s\u00e9ance ? Bonjour, apr\u00e8s installation confortable et prise de renseignements administratifs, je vous explique ce qu&rsquo;est la naturopathie puis vous demande votre motif. Je me permettrai, si vous l&rsquo;acceptez, de faire un bilan palpatoire et iridologique afin d&rsquo;\u00e9valuer votre niveau de vitalit\u00e9 [&hellip;]<\/p>\n","protected":false},"author":1,"featured_media":0,"parent":0,"menu_order":0,"comment_status":"closed","ping_status":"closed","template":"","meta":{"site-sidebar-layout":"default","site-content-layout":"","ast-site-content-layout":"default","site-content-style":"default","site-sidebar-style":"default","ast-global-header-display":"","ast-banner-title-visibility":"","ast-main-header-display":"","ast-hfb-above-header-display":"","ast-hfb-below-header-display":"","ast-hfb-mobile-header-display":"","site-post-title":"disabled","ast-breadcrumbs-content":"","ast-featured-img":"","footer-sml-layout":"","theme-transparent-header-meta":"","adv-header-id-meta":"","stick-header-meta":"","header-above-stick-meta":"","header-main-stick-meta":"","header-below-stick-meta":"","astra-migrate-meta-layouts":"set","ast-page-background-enabled":"default","ast-page-background-meta":{"desktop":{"background-color":"var(--ast-global-color-4)","background-image":"","background-repeat":"repeat","background-position":"center center","background-size":"auto","background-attachment":"scroll","background-type":"","background-media":"","overlay-type":"","overlay-color":"","overlay-opacity":"","overlay-gradient":""},"tablet":{"background-color":"","background-image":"","background-repeat":"repeat","background-position":"center center","background-size":"auto","background-attachment":"scroll","background-type":"","background-media":"","overlay-type":"","overlay-color":"","overlay-opacity":"","overlay-gradient":""},"mobile":{"background-color":"","background-image":"","background-repeat":"repeat","background-position":"center center","background-size":"auto","background-attachment":"scroll","background-type":"","background-media":"","overlay-type":"","overlay-color":"","overlay-opacity":"","overlay-gradient":""}},"ast-content-background-meta":{"desktop":{"background-color":"var(--ast-global-color-5)","background-image":"","background-repeat":"repeat","background-position":"center center","background-size":"auto","background-attachment":"scroll","background-type":"","background-media":"","overlay-type":"","overlay-color":"","overlay-opacity":"","overlay-gradient":""},"tablet":{"background-color":"var(--ast-global-color-5)","background-image":"","background-repeat":"repeat","background-position":"center center","background-size":"auto","background-attachment":"scroll","background-type":"","background-media":"","overlay-type":"","overlay-color":"","overlay-opacity":"","overlay-gradient":""},"mobile":{"background-color":"var(--ast-global-color-5)","background-image":"","background-repeat":"repeat","background-position":"center center","background-size":"auto","background-attachment":"scroll","background-type":"","background-media":"","overlay-type":"","overlay-color":"","overlay-opacity":"","overlay-gradient":""}},"footnotes":""},"class_list":["post-484","page","type-page","status-publish","hentry"],"_links":{"self":[{"href":"https:\/\/ekilibrio.fr\/index.php?rest_route=\/wp\/v2\/pages\/484","targetHints":{"allow":["GET"]}}],"collection":[{"href":"https:\/\/ekilibrio.fr\/index.php?rest_route=\/wp\/v2\/pages"}],"about":[{"href":"https:\/\/ekilibrio.fr\/index.php?rest_route=\/wp\/v2\/types\/page"}],"author":[{"embeddable":true,"href":"https:\/\/ekilibrio.fr\/index.php?rest_route=\/wp\/v2\/users\/1"}],"replies":[{"embeddable":true,"href":"https:\/\/ekilibrio.fr\/index.php?rest_route=%2Fwp%2Fv2%2Fcomments&post=484"}],"version-history":[{"count":20,"href":"https:\/\/ekilibrio.fr\/index.php?rest_route=\/wp\/v2\/pages\/484\/revisions"}],"predecessor-version":[{"id":628,"href":"https:\/\/ekilibrio.fr\/index.php?rest_route=\/wp\/v2\/pages\/484\/revisions\/628"}],"wp:attachment":[{"href":"https:\/\/ekilibrio.fr\/index.php?rest_route=%2Fwp%2Fv2%2Fmedia&parent=484"}],"curies":[{"name":"wp","href":"https:\/\/api.w.org\/{rel}","templated":true}]}}